{"id":94,"date":"2024-02-28T14:40:03","date_gmt":"2024-02-28T12:40:03","guid":{"rendered":"https:\/\/kummiporo.korpiporo.fi\/?page_id=94"},"modified":"2024-04-29T14:53:23","modified_gmt":"2024-04-29T11:53:23","slug":"kp","status":"publish","type":"page","link":"https:\/\/kummiporo.korpiporo.fi\/fi\/","title":{"rendered":"Kummiporot"},"content":{"rendered":"\r\n    <div \r\n    class=\"wp-block-lbb-lightbox\"        id=\"lbbLightBox-1\"\r\n        data-attributes='{&quot;cId&quot;:&quot;ca8c2937-a&quot;,&quot;lightboxType&quot;:&quot;gallery&quot;,&quot;items&quot;:[{&quot;type&quot;:&quot;image&quot;,&quot;thumbnail&quot;:&quot;https:\\\/\\\/bblockswp.com\\\/wp-content\\\/demo\\\/img\\\/green-hill.jpg&quot;,&quot;content&quot;:&quot;https:\\\/\\\/kummiporo.korpiporo.fi\\\/wp-content\\\/uploads\\\/2024\\\/02\\\/lumo_paa.jpg&quot;,&quot;caption&quot;:&quot;Lumo&quot;},{&quot;type&quot;:&quot;image&quot;,&quot;thumbnail&quot;:&quot;https:\\\/\\\/bblockswp.com\\\/wp-content\\\/demo\\\/img\\\/green-hill.jpg&quot;,&quot;content&quot;:&quot;https:\\\/\\\/kummiporo.korpiporo.fi\\\/wp-content\\\/uploads\\\/2024\\\/02\\\/sale.jpg&quot;,&quot;caption&quot;:&quot;Sale&quot;},{&quot;type&quot;:&quot;image&quot;,&quot;thumbnail&quot;:&quot;https:\\\/\\\/bblockswp.com\\\/wp-content\\\/demo\\\/img\\\/green-hill.jpg&quot;,&quot;content&quot;:&quot;https:\\\/\\\/kummiporo.korpiporo.fi\\\/wp-content\\\/uploads\\\/2024\\\/02\\\/Ulkoilua_webp_800.webp&quot;,&quot;caption&quot;:&quot;Arvo&quot;}],&quot;align&quot;:&quot;&quot;,&quot;audio&quot;:{&quot;player&quot;:&quot;&quot;,&quot;typo&quot;:{&quot;fontSize&quot;:{&quot;desktop&quot;:16,&quot;tablet&quot;:15,&quot;mobile&quot;:14},&quot;fontWeight&quot;:500,&quot;lineHeight&quot;:&quot;135%&quot;}},&quot;layout&quot;:&quot;default&quot;,&quot;columns&quot;:{&quot;desktop&quot;:3,&quot;tablet&quot;:2,&quot;mobile&quot;:1},&quot;columnGap&quot;:&quot;25px&quot;,&quot;rowGap&quot;:&quot;25px&quot;,&quot;content&quot;:{&quot;caption&quot;:false,&quot;overlyColor&quot;:false},&quot;button&quot;:{&quot;icon&quot;:{&quot;class&quot;:&quot;fab fa-wordpress&quot;},&quot;text&quot;:&quot;Image&quot;},&quot;galleryIcon&quot;:true,&quot;popupOptions&quot;:{&quot;mixAllData&quot;:false},&quot;popupIconLeft&quot;:{&quot;infobar&quot;:true},&quot;popupIconMiddle&quot;:{&quot;zoomIn&quot;:true,&quot;zoomOut&quot;:true,&quot;toggle1to1&quot;:false,&quot;rotateCCW&quot;:false,&quot;rotateCW&quot;:false,&quot;flipX&quot;:false,&quot;flipY&quot;:false,&quot;fullscreen&quot;:true},&quot;popupIconRight&quot;:{&quot;twitter&quot;:false,&quot;facebook&quot;:false,&quot;download&quot;:false,&quot;slideshow&quot;:true,&quot;thumbs&quot;:true,&quot;close&quot;:true},&quot;thumb&quot;:{&quot;type&quot;:&quot;classic&quot;,&quot;showOnStart&quot;:true,&quot;minCount&quot;:2},&quot;slideShow&quot;:{&quot;playOnStart&quot;:false,&quot;timeout&quot;:3000},&quot;options&quot;:{&quot;wheel&quot;:&quot;zoom&quot;,&quot;transition&quot;:&quot;fade&quot;},&quot;controls&quot;:{&quot;play-large&quot;:true,&quot;restart&quot;:false,&quot;rewind&quot;:true,&quot;play&quot;:true,&quot;fast-forward&quot;:true,&quot;progress&quot;:true,&quot;current-time&quot;:false,&quot;duration&quot;:false,&quot;mute&quot;:false,&quot;volume&quot;:true,&quot;pip&quot;:false,&quot;airplay&quot;:false,&quot;settings&quot;:false,&quot;download&quot;:false,&quot;fullscreen&quot;:true,&quot;skipTime&quot;:5,&quot;isHeart&quot;:true,&quot;isPlaybackSpeed&quot;:true},&quot;playerColor&quot;:&quot;#03a5ed&quot;,&quot;overlyColor&quot;:&quot;#00000061&quot;,&quot;img&quot;:{&quot;animation&quot;:&quot;zoomIn&quot;,&quot;borderRadius&quot;:5,&quot;isHoverAnimation&quot;:true},&quot;image&quot;:{&quot;ratio&quot;:&quot;4:3&quot;},&quot;imgBorder&quot;:{&quot;color&quot;:&quot;#4527a4&quot;,&quot;style&quot;:&quot;solid&quot;,&quot;width&quot;:&quot;0px&quot;},&quot;caption&quot;:{&quot;position&quot;:&quot;overlyCenter&quot;},&quot;captionTypo&quot;:{&quot;fontSize&quot;:{&quot;desktop&quot;:16,&quot;tablet&quot;:15,&quot;mobile&quot;:14},&quot;fontWeight&quot;:500,&quot;lineHeight&quot;:&quot;135%&quot;},&quot;captionColors&quot;:{&quot;color&quot;:&quot;#fff&quot;,&quot;bg&quot;:&quot;#00000000&quot;},&quot;btnTypo&quot;:{&quot;fontSize&quot;:{&quot;desktop&quot;:18,&quot;tablet&quot;:15,&quot;mobile&quot;:14},&quot;fontWeight&quot;:500,&quot;lineHeight&quot;:&quot;100%&quot;},&quot;btnWidth&quot;:&quot;&quot;,&quot;btnHeight&quot;:&quot;&quot;,&quot;btnAlign&quot;:&quot;left&quot;,&quot;btnType&quot;:&quot;&quot;,&quot;btnStyle&quot;:&quot;&quot;,&quot;btnColors&quot;:{&quot;color&quot;:&quot;#4527a4&quot;,&quot;bg&quot;:&quot;#fff&quot;},&quot;btnHovColors&quot;:{&quot;color&quot;:&quot;#333&quot;,&quot;bg&quot;:&quot;#fff&quot;},&quot;btnPadding&quot;:{&quot;top&quot;:&quot;8px&quot;,&quot;right&quot;:&quot;15px&quot;,&quot;bottom&quot;:&quot;8px&quot;,&quot;left&quot;:&quot;15px&quot;},&quot;btnBorder&quot;:{&quot;color&quot;:&quot;#4527a4&quot;,&quot;style&quot;:&quot;solid&quot;,&quot;width&quot;:&quot;1px&quot;},&quot;btnRadius&quot;:{&quot;top&quot;:&quot;3px&quot;,&quot;right&quot;:&quot;3px&quot;,&quot;bottom&quot;:&quot;3px&quot;,&quot;left&quot;:&quot;3px&quot;},&quot;btnSpaceBetween&quot;:&quot;10px&quot;,&quot;styles&quot;:&quot;&quot;,&quot;sliderHeight&quot;:{&quot;desktop&quot;:&quot;550px&quot;,&quot;tablet&quot;:&quot;500px&quot;,&quot;mobile&quot;:&quot;400px&quot;},&quot;slider&quot;:{&quot;thumbs&quot;:&quot;classic&quot;,&quot;arrowColors&quot;:{&quot;color&quot;:&quot;#000&quot;,&quot;bg&quot;:&quot;transparent&quot;}},&quot;popupTheme&quot;:{&quot;color&quot;:&quot;#000&quot;,&quot;size&quot;:{&quot;desktop&quot;:50,&quot;tablet&quot;:70,&quot;mobile&quot;:90},&quot;closeIconColors&quot;:{&quot;color&quot;:&quot;#fff&quot;,&quot;bg&quot;:&quot;transparent&quot;},&quot;closeIconHColor&quot;:{&quot;color&quot;:&quot;#FF0000&quot;,&quot;bg&quot;:&quot;transparent&quot;},&quot;closeIconSize&quot;:{&quot;desktop&quot;:30,&quot;tablet&quot;:28,&quot;mobile&quot;:25}},&quot;TrpContentRestriction&quot;:{&quot;restriction_type&quot;:&quot;exclude&quot;,&quot;selected_languages&quot;:[],&quot;panel_open&quot;:true}}' data-content-indexs=\"[]\" data-nonce='&quot;99b984891b&quot;'><\/div>\r\n\r\n        \r\n             \r\n         \n\n\n<p><\/p>\n\n\n\n<h4 class=\"wp-block-heading\"><strong>**Haluatko tehd\u00e4 hyv\u00e4\u00e4 ja tuoda iloa? Ryhdy kummiksi porolle!**<\/strong><\/h4>\n\n\n\n<h5 class=\"wp-block-heading\">Korpiporojen kummiksi ryhtym\u00e4ll\u00e4 voit auttaa turvaamaan porojen hyvinvoinnin ja tulevan. Kummimaksusi k\u00e4ytet\u00e4\u00e4n porojen hoitoon, ruokintaan ja el\u00e4inl\u00e4\u00e4k\u00e4rinhoitoon.<\/h5>\n\n\n\n<h5 class=\"wp-block-heading\">Korpiporojen kummiksi ryhtyminen on helppoa. Voit tehd\u00e4 sen verkkokaupassa.<\/h5>\n\n\n\n<h5 class=\"wp-block-heading\">Kun ryhdyt kummiksi, saat henkil\u00f6kohtaisen poron. Voit my\u00f6s seurata porosi el\u00e4m\u00e4\u00e4 porotilallamme. Saat p\u00e4\u00e4syn kummiporosi sivuille josta p\u00e4\u00e4set seuraamaan kummiporosi el\u00e4m\u00e4\u00e4. <\/h5>\n\n\n\n<h4 class=\"wp-block-heading\">Ryhdy kummiksi porolle ja tuo iloa! Voit ryhty\u00e4 kummiksi my\u00f6s useammalle porolle.<\/h4>\n\n\n\n<p><strong>Osta p\u00e4\u00e4sy yksityiselle kummiporosivulle <a href=\"https:\/\/kauppa.korpiporo.fi\/tuote-osasto\/kp\/\">t\u00e4\u00e4lt\u00e4.<\/a><\/strong><\/p>\n\n\n\n<p><\/p>\n","protected":false},"excerpt":{"rendered":"<p>**Haluatko tehd\u00e4 hyv\u00e4\u00e4 ja tuoda iloa? Ryhdy kummiksi porolle!** Korpiporojen kummiksi ryhtym\u00e4ll\u00e4 voit auttaa turvaamaan porojen hyvinvoinnin ja tulevan. Kummimaksusi [&hellip;]<\/p>\n","protected":false},"author":4,"featured_media":0,"parent":0,"menu_order":0,"comment_status":"closed","ping_status":"closed","template":"","meta":{"_uag_custom_page_level_css":"","site-sidebar-layout":"default","site-content-layout":"","ast-site-content-layout":"default","site-content-style":"default","site-sidebar-style":"default","ast-global-header-display":"","ast-banner-title-visibility":"","ast-main-header-display":"","ast-hfb-above-header-display":"","ast-hfb-below-header-display":"","ast-hfb-mobile-header-display":"","site-post-title":"","ast-breadcrumbs-content":"","ast-featured-img":"","footer-sml-layout":"","ast-disable-related-posts":"","theme-transparent-header-meta":"","adv-header-id-meta":"","stick-header-meta":"","header-above-stick-meta":"","header-main-stick-meta":"","header-below-stick-meta":"","astra-migrate-meta-layouts":"default","ast-page-background-enabled":"default","ast-page-background-meta":{"desktop":{"background-color":"var(--ast-global-color-4)","background-image":"","background-repeat":"repeat","background-position":"center center","background-size":"auto","background-attachment":"scroll","background-type":"","background-media":"","overlay-type":"","overlay-color":"","overlay-opacity":"","overlay-gradient":""},"tablet":{"background-color":"","background-image":"","background-repeat":"repeat","background-position":"center center","background-size":"auto","background-attachment":"scroll","background-type":"","background-media":"","overlay-type":"","overlay-color":"","overlay-opacity":"","overlay-gradient":""},"mobile":{"background-color":"","background-image":"","background-repeat":"repeat","background-position":"center center","background-size":"auto","background-attachment":"scroll","background-type":"","background-media":"","overlay-type":"","overlay-color":"","overlay-opacity":"","overlay-gradient":""}},"ast-content-background-meta":{"desktop":{"background-color":"var(--ast-global-color-5)","background-image":"","background-repeat":"repeat","background-position":"center center","background-size":"auto","background-attachment":"scroll","background-type":"","background-media":"","overlay-type":"","overlay-color":"","overlay-opacity":"","overlay-gradient":""},"tablet":{"background-color":"var(--ast-global-color-5)","background-image":"","background-repeat":"repeat","background-position":"center center","background-size":"auto","background-attachment":"scroll","background-type":"","background-media":"","overlay-type":"","overlay-color":"","overlay-opacity":"","overlay-gradient":""},"mobile":{"background-color":"var(--ast-global-color-5)","background-image":"","background-repeat":"repeat","background-position":"center center","background-size":"auto","background-attachment":"scroll","background-type":"","background-media":"","overlay-type":"","overlay-color":"","overlay-opacity":"","overlay-gradient":""}},"footnotes":""},"class_list":["post-94","page","type-page","status-publish","hentry"],"yoast_head":"<!-- This site is optimized with the Yoast SEO plugin v25.6 - https:\/\/yoast.com\/wordpress\/plugins\/seo\/ -->\n<title>Kummiporot - Korpiporon kummiporot<\/title>\n<meta name=\"robots\" content=\"index, follow, max-snippet:-1, max-image-preview:large, max-video-preview:-1\" \/>\n<link rel=\"canonical\" href=\"https:\/\/kummiporo.korpiporo.fi\/fi\/\" \/>\n<meta property=\"og:locale\" content=\"fi_FI\" \/>\n<meta property=\"og:type\" content=\"article\" \/>\n<meta property=\"og:title\" content=\"Kummiporot - Korpiporon kummiporot\" \/>\n<meta property=\"og:description\" content=\"**Haluatko tehd\u00e4 hyv\u00e4\u00e4 ja tuoda iloa? Ryhdy kummiksi porolle!** Korpiporojen kummiksi ryhtym\u00e4ll\u00e4 voit auttaa turvaamaan porojen hyvinvoinnin ja tulevan. Kummimaksusi [&hellip;]\" \/>\n<meta property=\"og:url\" content=\"https:\/\/kummiporo.korpiporo.fi\/fi\/\" \/>\n<meta property=\"og:site_name\" content=\"Korpiporon kummiporot\" \/>\n<meta property=\"article:publisher\" content=\"https:\/\/www.facebook.com\/Korpiporo\/\" \/>\n<meta property=\"article:modified_time\" content=\"2024-04-29T11:53:23+00:00\" \/>\n<meta name=\"twitter:card\" content=\"summary_large_image\" \/>\n<meta name=\"twitter:label1\" content=\"Arvioitu lukuaika\" \/>\n\t<meta name=\"twitter:data1\" content=\"1 minuutti\" \/>\n<script type=\"application\/ld+json\" class=\"yoast-schema-graph\">{\"@context\":\"https:\/\/schema.org\",\"@graph\":[{\"@type\":\"WebPage\",\"@id\":\"https:\/\/kummiporo.korpiporo.fi\/\",\"url\":\"https:\/\/kummiporo.korpiporo.fi\/\",\"name\":\"Kummiporot - Korpiporon kummiporot\",\"isPartOf\":{\"@id\":\"https:\/\/kummiporo.korpiporo.fi\/#website\"},\"datePublished\":\"2024-02-28T12:40:03+00:00\",\"dateModified\":\"2024-04-29T11:53:23+00:00\",\"breadcrumb\":{\"@id\":\"https:\/\/kummiporo.korpiporo.fi\/#breadcrumb\"},\"inLanguage\":\"fi\",\"potentialAction\":[{\"@type\":\"ReadAction\",\"target\":[\"https:\/\/kummiporo.korpiporo.fi\/\"]}]},{\"@type\":\"BreadcrumbList\",\"@id\":\"https:\/\/kummiporo.korpiporo.fi\/#breadcrumb\",\"itemListElement\":[{\"@type\":\"ListItem\",\"position\":1,\"name\":\"Etusivu\",\"item\":\"https:\/\/kummiporo.korpiporo.fi\/\"},{\"@type\":\"ListItem\",\"position\":2,\"name\":\"Kummiporot\"}]},{\"@type\":\"WebSite\",\"@id\":\"https:\/\/kummiporo.korpiporo.fi\/#website\",\"url\":\"https:\/\/kummiporo.korpiporo.fi\/\",\"name\":\"Kummiporot\",\"description\":\"Sivustolla kerrotaan kummiporojen el&auml;m&auml;st&auml;.\",\"publisher\":{\"@id\":\"https:\/\/kummiporo.korpiporo.fi\/#organization\"},\"potentialAction\":[{\"@type\":\"SearchAction\",\"target\":{\"@type\":\"EntryPoint\",\"urlTemplate\":\"https:\/\/kummiporo.korpiporo.fi\/?s={search_term_string}\"},\"query-input\":{\"@type\":\"PropertyValueSpecification\",\"valueRequired\":true,\"valueName\":\"search_term_string\"}}],\"inLanguage\":\"fi\"},{\"@type\":\"Organization\",\"@id\":\"https:\/\/kummiporo.korpiporo.fi\/#organization\",\"name\":\"Korpiporo\",\"url\":\"https:\/\/kummiporo.korpiporo.fi\/\",\"logo\":{\"@type\":\"ImageObject\",\"inLanguage\":\"fi\",\"@id\":\"https:\/\/kummiporo.korpiporo.fi\/#\/schema\/logo\/image\/\",\"url\":\"https:\/\/kummiporo.korpiporo.fi\/wp-content\/uploads\/2024\/02\/korpiporo-logo_gradient_webp.webp\",\"contentUrl\":\"https:\/\/kummiporo.korpiporo.fi\/wp-content\/uploads\/2024\/02\/korpiporo-logo_gradient_webp.webp\",\"width\":470,\"height\":79,\"caption\":\"Korpiporo\"},\"image\":{\"@id\":\"https:\/\/kummiporo.korpiporo.fi\/#\/schema\/logo\/image\/\"},\"sameAs\":[\"https:\/\/www.facebook.com\/Korpiporo\/\",\"https:\/\/www.instagram.com\/korpiporo\/\"]}]}<\/script>\n<!-- \/ Yoast SEO plugin. -->","yoast_head_json":{"title":"Kummiporot - Korpiporon kummiporot","robots":{"index":"index","follow":"follow","max-snippet":"max-snippet:-1","max-image-preview":"max-image-preview:large","max-video-preview":"max-video-preview:-1"},"canonical":"https:\/\/kummiporo.korpiporo.fi\/fi\/","og_locale":"fi_FI","og_type":"article","og_title":"Kummiporot - Korpiporon kummiporot","og_description":"**Haluatko tehd\u00e4 hyv\u00e4\u00e4 ja tuoda iloa? Ryhdy kummiksi porolle!** Korpiporojen kummiksi ryhtym\u00e4ll\u00e4 voit auttaa turvaamaan porojen hyvinvoinnin ja tulevan. Kummimaksusi [&hellip;]","og_url":"https:\/\/kummiporo.korpiporo.fi\/fi\/","og_site_name":"Korpiporon kummiporot","article_publisher":"https:\/\/www.facebook.com\/Korpiporo\/","article_modified_time":"2024-04-29T11:53:23+00:00","twitter_card":"summary_large_image","twitter_misc":{"Arvioitu lukuaika":"1 minuutti"},"schema":{"@context":"https:\/\/schema.org","@graph":[{"@type":"WebPage","@id":"https:\/\/kummiporo.korpiporo.fi\/","url":"https:\/\/kummiporo.korpiporo.fi\/","name":"Kummiporot - Korpiporon kummiporot","isPartOf":{"@id":"https:\/\/kummiporo.korpiporo.fi\/#website"},"datePublished":"2024-02-28T12:40:03+00:00","dateModified":"2024-04-29T11:53:23+00:00","breadcrumb":{"@id":"https:\/\/kummiporo.korpiporo.fi\/#breadcrumb"},"inLanguage":"fi","potentialAction":[{"@type":"ReadAction","target":["https:\/\/kummiporo.korpiporo.fi\/"]}]},{"@type":"BreadcrumbList","@id":"https:\/\/kummiporo.korpiporo.fi\/#breadcrumb","itemListElement":[{"@type":"ListItem","position":1,"name":"Etusivu","item":"https:\/\/kummiporo.korpiporo.fi\/"},{"@type":"ListItem","position":2,"name":"Kummiporot"}]},{"@type":"WebSite","@id":"https:\/\/kummiporo.korpiporo.fi\/#website","url":"https:\/\/kummiporo.korpiporo.fi\/","name":"Kummiporot","description":"Sivustolla kerrotaan kummiporojen el&auml;m&auml;st&auml;.","publisher":{"@id":"https:\/\/kummiporo.korpiporo.fi\/#organization"},"potentialAction":[{"@type":"SearchAction","target":{"@type":"EntryPoint","urlTemplate":"https:\/\/kummiporo.korpiporo.fi\/?s={search_term_string}"},"query-input":{"@type":"PropertyValueSpecification","valueRequired":true,"valueName":"search_term_string"}}],"inLanguage":"fi"},{"@type":"Organization","@id":"https:\/\/kummiporo.korpiporo.fi\/#organization","name":"Korpiporo","url":"https:\/\/kummiporo.korpiporo.fi\/","logo":{"@type":"ImageObject","inLanguage":"fi","@id":"https:\/\/kummiporo.korpiporo.fi\/#\/schema\/logo\/image\/","url":"https:\/\/kummiporo.korpiporo.fi\/wp-content\/uploads\/2024\/02\/korpiporo-logo_gradient_webp.webp","contentUrl":"https:\/\/kummiporo.korpiporo.fi\/wp-content\/uploads\/2024\/02\/korpiporo-logo_gradient_webp.webp","width":470,"height":79,"caption":"Korpiporo"},"image":{"@id":"https:\/\/kummiporo.korpiporo.fi\/#\/schema\/logo\/image\/"},"sameAs":["https:\/\/www.facebook.com\/Korpiporo\/","https:\/\/www.instagram.com\/korpiporo\/"]}]}},"uagb_featured_image_src":{"full":false,"thumbnail":false,"medium":false,"medium_large":false,"large":false,"1536x1536":false,"2048x2048":false,"trp-custom-language-flag":false},"uagb_author_info":{"display_name":"Korpiporo","author_link":"https:\/\/kummiporo.korpiporo.fi\/fi\/author\/kirjoittaja\/"},"uagb_comment_info":0,"uagb_excerpt":"**Haluatko tehd\u00e4 hyv\u00e4\u00e4 ja tuoda iloa? Ryhdy kummiksi porolle!** Korpiporojen kummiksi ryhtym\u00e4ll\u00e4 voit auttaa turvaamaan porojen hyvinvoinnin ja tulevan. Kummimaksusi [&hellip;]","_links":{"self":[{"href":"https:\/\/kummiporo.korpiporo.fi\/fi\/wp-json\/wp\/v2\/pages\/94"}],"collection":[{"href":"https:\/\/kummiporo.korpiporo.fi\/fi\/wp-json\/wp\/v2\/pages"}],"about":[{"href":"https:\/\/kummiporo.korpiporo.fi\/fi\/wp-json\/wp\/v2\/types\/page"}],"author":[{"embeddable":true,"href":"https:\/\/kummiporo.korpiporo.fi\/fi\/wp-json\/wp\/v2\/users\/4"}],"replies":[{"embeddable":true,"href":"https:\/\/kummiporo.korpiporo.fi\/fi\/wp-json\/wp\/v2\/comments?post=94"}],"version-history":[{"count":4,"href":"https:\/\/kummiporo.korpiporo.fi\/fi\/wp-json\/wp\/v2\/pages\/94\/revisions"}],"predecessor-version":[{"id":1698,"href":"https:\/\/kummiporo.korpiporo.fi\/fi\/wp-json\/wp\/v2\/pages\/94\/revisions\/1698"}],"wp:attachment":[{"href":"https:\/\/kummiporo.korpiporo.fi\/fi\/wp-json\/wp\/v2\/media?parent=94"}],"curies":[{"name":"wp","href":"https:\/\/api.w.org\/{rel}","templated":true}]}}